{"id":81,"date":"2024-06-19T09:04:59","date_gmt":"2024-06-19T07:04:59","guid":{"rendered":"https:\/\/pulirio.sk\/manzel\/?page_id=81"},"modified":"2024-06-19T09:06:13","modified_gmt":"2024-06-19T07:06:13","slug":"airlogy","status":"publish","type":"page","link":"https:\/\/pulirio.sk\/manzel\/airlogy\/","title":{"rendered":"Zistite, \u010do d\u00fdchate"},"content":{"rendered":"\n<p>S Pulirio m\u00f4\u017eete ma\u0165 istotu nielen \u010distoty, ale aj bezpe\u010dnosti v\u00e1\u0161ho domova.<\/p>\n\n\n\n<p><\/p>\n\n\n\n<p>Vedeli ste, \u017ee ka\u017ed\u00fd de\u0148 sa nad\u00fdchnete viac ako 20 000 kr\u00e1t? \u010ci u\u017e bojujete s \u010dast\u00fdm ochoren\u00edm, \u00fanavou, boles\u0165ou hlavy, pln\u00fdm nosom r\u00e1no alebo probl\u00e9mami so sp\u00e1nkom, mo\u017eno by bolo vhodn\u00e9 zisti\u0165, \u010do d\u00fdchate vy a va\u0161a rodina. Okom nevidite\u013en\u00e9 patog\u00e9ny, ako s\u00fa bakt\u00e9rie, plesne a kvasinky, je dnes mo\u017en\u00e9 identifikova\u0165 pomocou steriln\u00fdch ty\u010diniek a sedimenta\u010dnej met\u00f3dy.\u00a0<\/p>\n\n\n\n<p><\/p>\n\n\n\n<p>S Pulirio m\u00f4\u017eete zak\u00fapi\u0165 testovaciu sadu alebo necha\u0165 n\u00e1\u0161 t\u00edm odobera\u0165 vzorky a zasiela\u0165 ich do laborat\u00f3ria. V\u00fdsledkom bude detailn\u00e1 mikrobiologick\u00e1 anal\u00fdza obsahuj\u00faca komplexn\u00fd rozbor mikroorganizmov vo va\u0161ej dom\u00e1cnosti. V\u00fdstupn\u00fd dokument zah\u0155\u0148a aj odpor\u00fa\u010dania, \u010di je potrebn\u00e9 zasiahnu\u0165 formou akt\u00edvnej dezinfekcie, ktor\u00e1 dok\u00e1\u017ee redukova\u0165 alebo \u00faplne odstr\u00e1ni\u0165 popul\u00e1cie mikroorganizmov.\u00a0<\/p>\n\n\n\n<p><strong>Ako prebieha odber vzoriek?&nbsp;<\/strong><\/p>\n\n\n\n<p>Stery sa odoberaj\u00fa pomocou steriln\u00fdch ty\u010diniek s transportn\u00fdm m\u00e9diom. Odpor\u00fa\u010da sa odber z klimatiz\u00e1cie, \u010disti\u010diek vzduchu, dif\u00fazorov, stien alebo z miestnost\u00ed s podozren\u00edm na plesne.&nbsp;<\/p>\n\n\n\n<p>Odber vzorky zo vzduchu zabezpe\u010duj\u00fa dve Petriho misky, ktor\u00e9 dok\u00e1\u017eu absorbova\u0165 prach v miestnosti za 15 min\u00fat. Prach je hlavn\u00fdm m\u00e9diom prenosu mikroorganizmov.&nbsp;<\/p>\n\n\n\n<p><strong>Ako to funguje?&nbsp;<\/strong><\/p>\n\n\n\n<ol class=\"wp-block-list\">\n<li>Na na\u0161ej str\u00e1nke pulirio.sk\/odbery ozna\u010dte po v\u00fdbere upratovania doplnkov\u00fa slu\u017ebu Airlogy Kit Basic (stery) alebo Airlogy Kit PRO (stery aj odber vzduchu).\u00a0<\/li>\n\n\n\n<li>Pred alebo po vykonan\u00ed slu\u017eby upratovania vy, pani upratova\u010dka alebo n\u00e1\u0161 mana\u017e\u00e9r odoberie vzorky a zape\u010dat\u00ed ich.<\/li>\n\n\n\n<li>Zaregistrujeme vzorky so \u0161pecifick\u00fdm \u010d\u00edslom do aplik\u00e1cie.<\/li>\n\n\n\n<li>Odnesieme vzorky do laborat\u00f3ria alebo ich doru\u010d\u00edme kuri\u00e9rom.<\/li>\n\n\n\n<li>Do nieko\u013ek\u00fdch dn\u00ed obdr\u017e\u00edte komplexn\u00fa mikrobiologick\u00fa anal\u00fdzu s preh\u013eadn\u00fdm protokolom a odpor\u00fa\u010daniami.<\/li>\n\n\n\n<li>V pr\u00edpade, \u017ee hodnoty ukazuj\u00fa nadpriemern\u00e9 \u010d\u00edsla ohrozuj\u00face zdravotn\u00fd stav, intern\u00fa dezinfekciu zabezpe\u010d\u00edme s na\u0161imi licencovan\u00fdmi profesion\u00e1lmi z oddelenia DDD.\u00a0<\/li>\n<\/ol>\n","protected":false},"excerpt":{"rendered":"<p>S Pulirio m\u00f4\u017eete ma\u0165 istotu nielen \u010distoty, ale aj bezpe\u010dnosti v\u00e1\u0161ho domova. Vedeli ste, \u017ee ka\u017ed\u00fd de\u0148 sa nad\u00fdchnete viac ako 20 000 kr\u00e1t? \u010ci u\u017e bojujete s \u010dast\u00fdm ochoren\u00edm, \u00fanavou, boles\u0165ou hlavy, pln\u00fdm nosom r\u00e1no alebo probl\u00e9mami so sp\u00e1nkom, mo\u017eno by bolo vhodn\u00e9 zisti\u0165, \u010do d\u00fdchate vy a va\u0161a rodina. Okom nevidite\u013en\u00e9 patog\u00e9ny, ako [&hellip;]<\/p>\n","protected":false},"author":1,"featured_media":0,"parent":0,"menu_order":0,"comment_status":"closed","ping_status":"closed","template":"","meta":{"footnotes":""},"class_list":["post-81","page","type-page","status-publish","hentry"],"yoast_head":"<!-- This site is optimized with the Yoast SEO plugin v23.6 - https:\/\/yoast.com\/wordpress\/plugins\/seo\/ -->\n<title>Zistite, \u010do d\u00fdchate | Pulirio.sk<\/title>\n<meta name=\"robots\" content=\"index, follow, max-snippet:-1, max-image-preview:large, max-video-preview:-1\" \/>\n<link rel=\"canonical\" href=\"https:\/\/pulirio.sk\/manzel\/airlogy\/\" \/>\n<meta property=\"og:locale\" content=\"sk_SK\" \/>\n<meta property=\"og:type\" content=\"article\" \/>\n<meta property=\"og:title\" content=\"Zistite, \u010do d\u00fdchate | Pulirio.sk\" \/>\n<meta property=\"og:description\" content=\"S Pulirio m\u00f4\u017eete ma\u0165 istotu nielen \u010distoty, ale aj bezpe\u010dnosti v\u00e1\u0161ho domova. Vedeli ste, \u017ee ka\u017ed\u00fd de\u0148 sa nad\u00fdchnete viac ako 20 000 kr\u00e1t? \u010ci u\u017e bojujete s \u010dast\u00fdm ochoren\u00edm, \u00fanavou, boles\u0165ou hlavy, pln\u00fdm nosom r\u00e1no alebo probl\u00e9mami so sp\u00e1nkom, mo\u017eno by bolo vhodn\u00e9 zisti\u0165, \u010do d\u00fdchate vy a va\u0161a rodina. Okom nevidite\u013en\u00e9 patog\u00e9ny, ako [&hellip;]\" \/>\n<meta property=\"og:url\" content=\"https:\/\/pulirio.sk\/manzel\/airlogy\/\" \/>\n<meta property=\"og:site_name\" content=\"Pulirio.sk\" \/>\n<meta property=\"article:modified_time\" content=\"2024-06-19T07:06:13+00:00\" \/>\n<meta name=\"twitter:card\" content=\"summary_large_image\" \/>\n<meta name=\"twitter:label1\" content=\"Predpokladan\u00fd \u010das \u010d\u00edtania\" \/>\n\t<meta name=\"twitter:data1\" content=\"2 min\u00faty\" \/>\n<script type=\"application\/ld+json\" class=\"yoast-schema-graph\">{\"@context\":\"https:\/\/schema.org\",\"@graph\":[{\"@type\":\"WebPage\",\"@id\":\"https:\/\/pulirio.sk\/manzel\/airlogy\/\",\"url\":\"https:\/\/pulirio.sk\/manzel\/airlogy\/\",\"name\":\"Zistite, \u010do d\u00fdchate | Pulirio.sk\",\"isPartOf\":{\"@id\":\"https:\/\/pulirio.sk\/manzel\/#website\"},\"datePublished\":\"2024-06-19T07:04:59+00:00\",\"dateModified\":\"2024-06-19T07:06:13+00:00\",\"breadcrumb\":{\"@id\":\"https:\/\/pulirio.sk\/manzel\/airlogy\/#breadcrumb\"},\"inLanguage\":\"sk-SK\",\"potentialAction\":[{\"@type\":\"ReadAction\",\"target\":[\"https:\/\/pulirio.sk\/manzel\/airlogy\/\"]}]},{\"@type\":\"BreadcrumbList\",\"@id\":\"https:\/\/pulirio.sk\/manzel\/airlogy\/#breadcrumb\",\"itemListElement\":[{\"@type\":\"ListItem\",\"position\":1,\"name\":\"Domovsk\u00e1 str\u00e1nka\",\"item\":\"https:\/\/pulirio.sk\/manzel\/\"},{\"@type\":\"ListItem\",\"position\":2,\"name\":\"Zistite, \u010do d\u00fdchate\"}]},{\"@type\":\"WebSite\",\"@id\":\"https:\/\/pulirio.sk\/manzel\/#website\",\"url\":\"https:\/\/pulirio.sk\/manzel\/\",\"name\":\"Pulirio.sk\",\"description\":\"\",\"potentialAction\":[{\"@type\":\"SearchAction\",\"target\":{\"@type\":\"EntryPoint\",\"urlTemplate\":\"https:\/\/pulirio.sk\/manzel\/?s={search_term_string}\"},\"query-input\":{\"@type\":\"PropertyValueSpecification\",\"valueRequired\":true,\"valueName\":\"search_term_string\"}}],\"inLanguage\":\"sk-SK\"}]}<\/script>\n<!-- \/ Yoast SEO plugin. -->","yoast_head_json":{"title":"Zistite, \u010do d\u00fdchate | Pulirio.sk","robots":{"index":"index","follow":"follow","max-snippet":"max-snippet:-1","max-image-preview":"max-image-preview:large","max-video-preview":"max-video-preview:-1"},"canonical":"https:\/\/pulirio.sk\/manzel\/airlogy\/","og_locale":"sk_SK","og_type":"article","og_title":"Zistite, \u010do d\u00fdchate | Pulirio.sk","og_description":"S Pulirio m\u00f4\u017eete ma\u0165 istotu nielen \u010distoty, ale aj bezpe\u010dnosti v\u00e1\u0161ho domova. Vedeli ste, \u017ee ka\u017ed\u00fd de\u0148 sa nad\u00fdchnete viac ako 20 000 kr\u00e1t? \u010ci u\u017e bojujete s \u010dast\u00fdm ochoren\u00edm, \u00fanavou, boles\u0165ou hlavy, pln\u00fdm nosom r\u00e1no alebo probl\u00e9mami so sp\u00e1nkom, mo\u017eno by bolo vhodn\u00e9 zisti\u0165, \u010do d\u00fdchate vy a va\u0161a rodina. Okom nevidite\u013en\u00e9 patog\u00e9ny, ako [&hellip;]","og_url":"https:\/\/pulirio.sk\/manzel\/airlogy\/","og_site_name":"Pulirio.sk","article_modified_time":"2024-06-19T07:06:13+00:00","twitter_card":"summary_large_image","twitter_misc":{"Predpokladan\u00fd \u010das \u010d\u00edtania":"2 min\u00faty"},"schema":{"@context":"https:\/\/schema.org","@graph":[{"@type":"WebPage","@id":"https:\/\/pulirio.sk\/manzel\/airlogy\/","url":"https:\/\/pulirio.sk\/manzel\/airlogy\/","name":"Zistite, \u010do d\u00fdchate | Pulirio.sk","isPartOf":{"@id":"https:\/\/pulirio.sk\/manzel\/#website"},"datePublished":"2024-06-19T07:04:59+00:00","dateModified":"2024-06-19T07:06:13+00:00","breadcrumb":{"@id":"https:\/\/pulirio.sk\/manzel\/airlogy\/#breadcrumb"},"inLanguage":"sk-SK","potentialAction":[{"@type":"ReadAction","target":["https:\/\/pulirio.sk\/manzel\/airlogy\/"]}]},{"@type":"BreadcrumbList","@id":"https:\/\/pulirio.sk\/manzel\/airlogy\/#breadcrumb","itemListElement":[{"@type":"ListItem","position":1,"name":"Domovsk\u00e1 str\u00e1nka","item":"https:\/\/pulirio.sk\/manzel\/"},{"@type":"ListItem","position":2,"name":"Zistite, \u010do d\u00fdchate"}]},{"@type":"WebSite","@id":"https:\/\/pulirio.sk\/manzel\/#website","url":"https:\/\/pulirio.sk\/manzel\/","name":"Pulirio.sk","description":"","potentialAction":[{"@type":"SearchAction","target":{"@type":"EntryPoint","urlTemplate":"https:\/\/pulirio.sk\/manzel\/?s={search_term_string}"},"query-input":{"@type":"PropertyValueSpecification","valueRequired":true,"valueName":"search_term_string"}}],"inLanguage":"sk-SK"}]}},"meta_box":[],"_links":{"self":[{"href":"https:\/\/pulirio.sk\/manzel\/wp-json\/wp\/v2\/pages\/81","targetHints":{"allow":["GET"]}}],"collection":[{"href":"https:\/\/pulirio.sk\/manzel\/wp-json\/wp\/v2\/pages"}],"about":[{"href":"https:\/\/pulirio.sk\/manzel\/wp-json\/wp\/v2\/types\/page"}],"author":[{"embeddable":true,"href":"https:\/\/pulirio.sk\/manzel\/wp-json\/wp\/v2\/users\/1"}],"replies":[{"embeddable":true,"href":"https:\/\/pulirio.sk\/manzel\/wp-json\/wp\/v2\/comments?post=81"}],"version-history":[{"count":2,"href":"https:\/\/pulirio.sk\/manzel\/wp-json\/wp\/v2\/pages\/81\/revisions"}],"predecessor-version":[{"id":84,"href":"https:\/\/pulirio.sk\/manzel\/wp-json\/wp\/v2\/pages\/81\/revisions\/84"}],"wp:attachment":[{"href":"https:\/\/pulirio.sk\/manzel\/wp-json\/wp\/v2\/media?parent=81"}],"curies":[{"name":"wp","href":"https:\/\/api.w.org\/{rel}","templated":true}]}}